{"id":2083,"date":"2021-06-04T10:01:28","date_gmt":"2021-06-04T10:01:28","guid":{"rendered":"https:\/\/www.reform.ee\/kov-valimised-2021\/?page_id=2083"},"modified":"2021-08-18T11:46:32","modified_gmt":"2021-08-18T11:46:32","slug":"kampaania","status":"publish","type":"page","link":"https:\/\/www.reform.ee\/kov-valimised-2021\/kampaania\/","title":{"rendered":"Kampaania"},"content":{"rendered":"\n<p class=\"is-style-reform\">  <\/p>\n\n\n\n<p class=\"is-style-reform\"><\/p>\n\n\n<div class=\"text-image image-left\">\n            <div class=\"text-image__text\">\n            <h1>LOGO<\/h1>\n<p class=\"x_MsoNormal\">Reformierakonna 2021.a valimiskampaania s\u00f5numiks on PAREMINI HOITUD EESTI. Kampaanialogo annab edasi j\u00f5udu, teotahet ning konkreetsust.<\/p>\n<p class=\"x_MsoNormal\">Liikuv ja m\u00e4nguline markerijoon on l\u00e4bivaks valimiskampaania kujunduselemendiks, millest on tuletatud kogu \u00fclej\u00e4\u00e4nud graafika.<\/p>\n<p class=\"x_MsoNormal\">Logo saad alla <a href=\"https:\/\/www.reform.ee\/kov-valimised-2021\/wp-content\/uploads\/2021\/06\/kampaania_logo_1200x1200-1.png\" target=\"_blank\" rel=\"noopener\">laadida siit &gt;&gt;<\/a><\/p>\n        <\/div>\n                <div class=\"text-image__image-wrapper square\">\n            <img decoding=\"async\" class=\"text-image__image\" src=\"https:\/\/www.reform.ee\/kov-valimised-2021\/wp-content\/uploads\/2021\/06\/kampaania_logo_1200x1200-392x392.png\" alt=\"\">\n        <\/div>\n    <\/div>\n\n\n<div class=\"big-cta\">\n            <div class=\"big-cta__content\">\n            <p>Siit leiad valimiskampaania videod ja klipid<\/p>\n        <\/div>\n                <div class=\"big-cta__link-wrapper\">\n            <a class=\"big-cta__link\" href=\"https:\/\/vimeopro.com\/reformierakond\/kov-valimised-2021\/\"><\/a>\n        <\/div>\n    <\/div>\n\n\n<div class=\"wp-block-group\"><div class=\"wp-block-group__inner-container is-layout-flow wp-block-group-is-layout-flow\"><div class=\"text-image image-left\">\n            <div class=\"text-image__text\">\n            <h1>AJALEHT<\/h1>\n<p class=\"x_MsoNormal\">Meie ajalehes\u00a0saad tutvuda Reformierakonna juhitud valitsuse tegemistega ning lugeda t\u00e4psemalt, kuidas Reformierakond Eestit\u00a0ka tulevikus\u00a0paremini hoiab.<\/p>\n<p class=\"x_MsoNormal\">Ajalehes on ka vahva suvine rubriik, kus meie kohalikud juhid jagavad h\u00e4id soovitusi, milliseid Eesti piirkondi tasub just sel suvel k\u00fclastada.<\/p>\n<p class=\"x_MsoNormal\">Lehti jagame t\u00e4navakampaania raames \u00fcle Eesti ja need j\u00f5uavad Sinuni ka Reformierakonna pannkoogikohvikutes.<\/p>\n<p>Vaata ajalehte <a href=\"https:\/\/www.reform.ee\/kov-valimised-2021\/wp-content\/uploads\/2021\/06\/Ref_PHE_ajaleht_EST_062021_web.pdf\" target=\"_blank\" rel=\"noopener\">SIIT &gt;&gt;<\/a><\/p>\n<p>RUS ajalehte n\u00e4ed <a href=\"https:\/\/www.reform.ee\/kov-valimised-2021\/wp-content\/uploads\/2021\/08\/Ref_PHE_ajaleht_RU_fin.pdf\">SIIT &gt;&gt;<\/a><\/p>\n        <\/div>\n                <div class=\"text-image__image-wrapper square\">\n            <img decoding=\"async\" class=\"text-image__image\" src=\"https:\/\/www.reform.ee\/kov-valimised-2021\/wp-content\/uploads\/2021\/06\/Screenshot-2021-06-04-at-15.17.48-392x392.png\" alt=\"\">\n        <\/div>\n    <\/div><\/div><\/div>\n","protected":false},"excerpt":{"rendered":"","protected":false},"author":4,"featured_media":0,"parent":0,"menu_order":0,"comment_status":"closed","ping_status":"closed","template":"","meta":{"_acf_changed":false,"footnotes":""},"class_list":["post-2083","page","type-page","status-publish","hentry"],"acf":[],"_links":{"self":[{"href":"https:\/\/www.reform.ee\/kov-valimised-2021\/wp-json\/wp\/v2\/pages\/2083","targetHints":{"allow":["GET"]}}],"collection":[{"href":"https:\/\/www.reform.ee\/kov-valimised-2021\/wp-json\/wp\/v2\/pages"}],"about":[{"href":"https:\/\/www.reform.ee\/kov-valimised-2021\/wp-json\/wp\/v2\/types\/page"}],"author":[{"embeddable":true,"href":"https:\/\/www.reform.ee\/kov-valimised-2021\/wp-json\/wp\/v2\/users\/4"}],"replies":[{"embeddable":true,"href":"https:\/\/www.reform.ee\/kov-valimised-2021\/wp-json\/wp\/v2\/comments?post=2083"}],"version-history":[{"count":70,"href":"https:\/\/www.reform.ee\/kov-valimised-2021\/wp-json\/wp\/v2\/pages\/2083\/revisions"}],"predecessor-version":[{"id":2844,"href":"https:\/\/www.reform.ee\/kov-valimised-2021\/wp-json\/wp\/v2\/pages\/2083\/revisions\/2844"}],"wp:attachment":[{"href":"https:\/\/www.reform.ee\/kov-valimised-2021\/wp-json\/wp\/v2\/media?parent=2083"}],"curies":[{"name":"wp","href":"https:\/\/api.w.org\/{rel}","templated":true}]}}