{"id":100,"date":"2019-06-04T13:51:40","date_gmt":"2019-06-04T10:51:40","guid":{"rendered":"https:\/\/www.reform.ee\/pood\/?post_type=product&#038;p=100"},"modified":"2026-01-12T13:52:59","modified_gmt":"2026-01-12T10:52:59","slug":"heade-motetega-inimese-tass","status":"publish","type":"product","link":"https:\/\/www.reform.ee\/pood\/toode\/heade-motetega-inimese-tass\/","title":{"rendered":"Kruus"},"content":{"rendered":"","protected":false},"excerpt":{"rendered":"<p><strong>Kruus heade m\u00f5tetega inimesele! Naudi meie kollasest kruusist v\u00e4rsket hommikukohvi v\u00f5i talve\u00f5htul sooja teed.\u00a0<\/strong><\/p>\n<ul>\n<li>Keraamiline<\/li>\n<li>Mahutavus 370ml<\/li>\n<li>M\u00f5\u00f5dud 90x85mm<\/li>\n<\/ul>\n","protected":false},"featured_media":11663,"template":"","meta":[],"product_brand":[],"product_cat":[27],"product_tag":[],"class_list":{"0":"post-100","1":"product","2":"type-product","3":"status-publish","4":"has-post-thumbnail","6":"product_cat-meened","8":"first","9":"instock","10":"shipping-taxable","11":"purchasable","12":"product-type-simple"},"exclude_global_add_ons":[],"addons":[],"_links":{"self":[{"href":"https:\/\/www.reform.ee\/pood\/wp-json\/wp\/v2\/product\/100","targetHints":{"allow":["GET"]}}],"collection":[{"href":"https:\/\/www.reform.ee\/pood\/wp-json\/wp\/v2\/product"}],"about":[{"href":"https:\/\/www.reform.ee\/pood\/wp-json\/wp\/v2\/types\/product"}],"wp:featuredmedia":[{"embeddable":true,"href":"https:\/\/www.reform.ee\/pood\/wp-json\/wp\/v2\/media\/11663"}],"wp:attachment":[{"href":"https:\/\/www.reform.ee\/pood\/wp-json\/wp\/v2\/media?parent=100"}],"wp:term":[{"taxonomy":"product_brand","embeddable":true,"href":"https:\/\/www.reform.ee\/pood\/wp-json\/wp\/v2\/product_brand?post=100"},{"taxonomy":"product_cat","embeddable":true,"href":"https:\/\/www.reform.ee\/pood\/wp-json\/wp\/v2\/product_cat?post=100"},{"taxonomy":"product_tag","embeddable":true,"href":"https:\/\/www.reform.ee\/pood\/wp-json\/wp\/v2\/product_tag?post=100"}],"curies":[{"name":"wp","href":"https:\/\/api.w.org\/{rel}","templated":true}]}}