{"id":11679,"date":"2021-11-27T21:49:01","date_gmt":"2021-11-27T18:49:01","guid":{"rendered":"https:\/\/www.reform.ee\/pood\/?post_type=product&#038;p=11679"},"modified":"2023-11-10T14:25:51","modified_gmt":"2023-11-10T11:25:51","slug":"polosark","status":"publish","type":"product","link":"https:\/\/www.reform.ee\/pood\/toode\/polosark\/","title":{"rendered":"Polos\u00e4rk"},"content":{"rendered":"","protected":false},"excerpt":{"rendered":"<p><strong>Ajatu polos\u00e4rk Reformierakonna v\u00e4rvides ja logoga!<\/strong><\/p>\n<ul>\n<li>100% puuvill<\/li>\n<li>N\u00f6\u00f6bitav krae<\/li>\n<li>Tarneaeg 2 n\u00e4dalat<\/li>\n<\/ul>\n","protected":false},"featured_media":11681,"template":"","meta":[],"product_brand":[],"product_cat":[85],"product_tag":[],"class_list":{"0":"post-11679","1":"product","2":"type-product","3":"status-publish","4":"has-post-thumbnail","6":"product_cat-riided","8":"first","9":"onbackorder","10":"shipping-taxable","11":"purchasable","12":"product-type-simple"},"exclude_global_add_ons":false,"addons":[{"name":"L\u00f5ige","type":"multiple_choice","position":0,"required":true,"title_format":"label","default":"","description_enable":false,"description":"","placeholder_enable":false,"placeholder":"","display":"select","restrictions_type":"any_text","adjust_price":false,"price":"","price_type":"flat_fee","restrictions":false,"min":"0","max":"0","options":[{"label":"Naiste","price":"","price_type":"flat_fee","image":0,"visibility":true},{"label":"Meeste","price":"","price_type":"flat_fee","image":0,"visibility":true}],"id":1699626352},{"name":"Suurus","type":"multiple_choice","position":1,"required":true,"title_format":"label","default":"","description_enable":false,"description":"","placeholder_enable":false,"placeholder":"","display":"select","restrictions_type":"any_text","adjust_price":false,"price":"","price_type":"flat_fee","restrictions":false,"min":"0","max":"0","options":[{"label":"XS","price":"","price_type":"flat_fee","image":0,"visibility":true},{"label":"S","price":"","price_type":"flat_fee","image":0,"visibility":true},{"label":"M","price":"","price_type":"flat_fee","image":0,"visibility":true},{"label":"L","price":"","price_type":"flat_fee","image":0,"visibility":true},{"label":"XL","price":"","price_type":"flat_fee","image":0,"visibility":true},{"label":"2XL","price":"","price_type":"flat_fee","image":0,"visibility":true},{"label":"3XL","price":"","price_type":"flat_fee","image":0,"visibility":true}],"id":1699626353}],"_links":{"self":[{"href":"https:\/\/www.reform.ee\/pood\/wp-json\/wp\/v2\/product\/11679","targetHints":{"allow":["GET"]}}],"collection":[{"href":"https:\/\/www.reform.ee\/pood\/wp-json\/wp\/v2\/product"}],"about":[{"href":"https:\/\/www.reform.ee\/pood\/wp-json\/wp\/v2\/types\/product"}],"wp:featuredmedia":[{"embeddable":true,"href":"https:\/\/www.reform.ee\/pood\/wp-json\/wp\/v2\/media\/11681"}],"wp:attachment":[{"href":"https:\/\/www.reform.ee\/pood\/wp-json\/wp\/v2\/media?parent=11679"}],"wp:term":[{"taxonomy":"product_brand","embeddable":true,"href":"https:\/\/www.reform.ee\/pood\/wp-json\/wp\/v2\/product_brand?post=11679"},{"taxonomy":"product_cat","embeddable":true,"href":"https:\/\/www.reform.ee\/pood\/wp-json\/wp\/v2\/product_cat?post=11679"},{"taxonomy":"product_tag","embeddable":true,"href":"https:\/\/www.reform.ee\/pood\/wp-json\/wp\/v2\/product_tag?post=11679"}],"curies":[{"name":"wp","href":"https:\/\/api.w.org\/{rel}","templated":true}]}}