{"id":11694,"date":"2021-11-28T02:39:28","date_gmt":"2021-11-27T23:39:28","guid":{"rendered":"https:\/\/www.reform.ee\/pood\/?post_type=product&#038;p=11694"},"modified":"2024-11-24T05:56:48","modified_gmt":"2024-11-24T02:56:48","slug":"arvutikott","status":"publish","type":"product","link":"https:\/\/www.reform.ee\/pood\/toode\/arvutikott\/","title":{"rendered":"Portfell\/arvutikott"},"content":{"rendered":"","protected":false},"excerpt":{"rendered":"<p><strong>Vanast valimisplakatist valminud arvutikott\/portfell. Mahutab sisse nii Sinu s\u00fclearvuti kui vajalikud dokumendid \u2013 ideaalne kaaslane t\u00f6\u00f6p\u00e4evaks. Sobib h\u00e4sti j\u00f5ulukingiks nii iseendale kui s\u00f5brale v\u00f5i pereliikmele!<\/strong><\/p>\n<ul>\n<li>28x36x1cm<\/li>\n<li>v\u00e4lisk\u00fcljel lisatasku laadimisjuhtme vm vidinate jaoks<\/li>\n<li>eemaldatav pikk sang<\/li>\n<li>sobib kuni 15&#8243; s\u00fclearvutile<\/li>\n<li>vastupidav PVC materjal<\/li>\n<li>veekindel ja vetth\u00fclgav<\/li>\n<li>sees pehmendused<\/li>\n<li>sangadeks taaskasutatud turvav\u00f6\u00f6d<\/li>\n<li>iga arvutikott on unikaalse kujundusega<\/li>\n<li>100% taaskasutatud pol\u00fcestrist tootesilt<\/li>\n<\/ul>\n","protected":false},"featured_media":11794,"template":"","meta":[],"product_brand":[],"product_cat":[87],"product_tag":[],"class_list":{"0":"post-11694","1":"product","2":"type-product","3":"status-publish","4":"has-post-thumbnail","6":"product_cat-valimisplakatiuuselu","8":"first","9":"instock","10":"shipping-taxable","11":"purchasable","12":"product-type-simple"},"exclude_global_add_ons":[],"addons":[],"_links":{"self":[{"href":"https:\/\/www.reform.ee\/pood\/wp-json\/wp\/v2\/product\/11694","targetHints":{"allow":["GET"]}}],"collection":[{"href":"https:\/\/www.reform.ee\/pood\/wp-json\/wp\/v2\/product"}],"about":[{"href":"https:\/\/www.reform.ee\/pood\/wp-json\/wp\/v2\/types\/product"}],"wp:featuredmedia":[{"embeddable":true,"href":"https:\/\/www.reform.ee\/pood\/wp-json\/wp\/v2\/media\/11794"}],"wp:attachment":[{"href":"https:\/\/www.reform.ee\/pood\/wp-json\/wp\/v2\/media?parent=11694"}],"wp:term":[{"taxonomy":"product_brand","embeddable":true,"href":"https:\/\/www.reform.ee\/pood\/wp-json\/wp\/v2\/product_brand?post=11694"},{"taxonomy":"product_cat","embeddable":true,"href":"https:\/\/www.reform.ee\/pood\/wp-json\/wp\/v2\/product_cat?post=11694"},{"taxonomy":"product_tag","embeddable":true,"href":"https:\/\/www.reform.ee\/pood\/wp-json\/wp\/v2\/product_tag?post=11694"}],"curies":[{"name":"wp","href":"https:\/\/api.w.org\/{rel}","templated":true}]}}