{"id":11744,"date":"2021-11-28T03:08:38","date_gmt":"2021-11-28T00:08:38","guid":{"rendered":"https:\/\/www.reform.ee\/pood\/?post_type=product&#038;p=11744"},"modified":"2023-11-10T15:19:28","modified_gmt":"2023-11-10T12:19:28","slug":"suur-kandekott","status":"publish","type":"product","link":"https:\/\/www.reform.ee\/pood\/toode\/suur-kandekott\/","title":{"rendered":"Suur kandekott"},"content":{"rendered":"","protected":false},"excerpt":{"rendered":"<p><strong>Vanast valimisplakatist valminud suur kandekott. Ideaalne poesk\u00e4iguks ja raskete esemete tassimiseks, mahutab k\u00f5ik suured j\u00f5uluostud ja rohkemgi veel!<\/strong><\/p>\n<ul>\n<li>m\u00f5\u00f5dud 39x42x21cm<\/li>\n<li>sees v\u00e4iksem tasku<\/li>\n<li>tugevdatud p\u00f5hjaosaga<\/li>\n<li>veekindel ja vetth\u00fclgav PVC materjal<\/li>\n<li>taaskasutatud turvav\u00f6\u00f6dest sangad<\/li>\n<li>100% taaskasutatud pol\u00fcestrist tootesilt<\/li>\n<li>iga kandekott on unikaalse kujundusega<\/li>\n<\/ul>\n","protected":false},"featured_media":11702,"template":"","meta":[],"product_brand":[],"product_cat":[87],"product_tag":[],"class_list":{"0":"post-11744","1":"product","2":"type-product","3":"status-publish","4":"has-post-thumbnail","6":"product_cat-valimisplakatiuuselu","8":"first","9":"instock","10":"shipping-taxable","11":"purchasable","12":"product-type-simple"},"exclude_global_add_ons":[],"addons":[],"_links":{"self":[{"href":"https:\/\/www.reform.ee\/pood\/wp-json\/wp\/v2\/product\/11744","targetHints":{"allow":["GET"]}}],"collection":[{"href":"https:\/\/www.reform.ee\/pood\/wp-json\/wp\/v2\/product"}],"about":[{"href":"https:\/\/www.reform.ee\/pood\/wp-json\/wp\/v2\/types\/product"}],"wp:featuredmedia":[{"embeddable":true,"href":"https:\/\/www.reform.ee\/pood\/wp-json\/wp\/v2\/media\/11702"}],"wp:attachment":[{"href":"https:\/\/www.reform.ee\/pood\/wp-json\/wp\/v2\/media?parent=11744"}],"wp:term":[{"taxonomy":"product_brand","embeddable":true,"href":"https:\/\/www.reform.ee\/pood\/wp-json\/wp\/v2\/product_brand?post=11744"},{"taxonomy":"product_cat","embeddable":true,"href":"https:\/\/www.reform.ee\/pood\/wp-json\/wp\/v2\/product_cat?post=11744"},{"taxonomy":"product_tag","embeddable":true,"href":"https:\/\/www.reform.ee\/pood\/wp-json\/wp\/v2\/product_tag?post=11744"}],"curies":[{"name":"wp","href":"https:\/\/api.w.org\/{rel}","templated":true}]}}