{"id":11747,"date":"2021-11-28T03:20:45","date_gmt":"2021-11-28T00:20:45","guid":{"rendered":"https:\/\/www.reform.ee\/pood\/?post_type=product&#038;p=11747"},"modified":"2025-07-08T16:14:03","modified_gmt":"2025-07-08T13:14:03","slug":"pinal","status":"publish","type":"product","link":"https:\/\/www.reform.ee\/pood\/toode\/pinal\/","title":{"rendered":"Pinal"},"content":{"rendered":"","protected":false},"excerpt":{"rendered":"<p><strong>Vanast valimisplakatist valminud pinal. Mahutab k\u00f5ik vajalikud kirja- ja kontoritarbed ning hea kasutada ka v\u00e4ikese kosmeetikakotina. Ideaalne kingitus koolilapsele v\u00f5i tudengile!<\/strong><\/p>\n<ul>\n<li>m\u00f5\u00f5dud 20x9x4cm<\/li>\n<li>veekindel ja vetth\u00fclgav PVC materjal<\/li>\n<li>100% taaskasutatud pol\u00fcestrist tootesilt<\/li>\n<li>iga pinal on unikaalse kujundusega<\/li>\n<\/ul>\n","protected":false},"featured_media":11801,"template":"","meta":[],"product_brand":[],"product_cat":[87],"product_tag":[],"class_list":{"0":"post-11747","1":"product","2":"type-product","3":"status-publish","4":"has-post-thumbnail","6":"product_cat-valimisplakatiuuselu","8":"first","9":"instock","10":"shipping-taxable","11":"purchasable","12":"product-type-simple"},"exclude_global_add_ons":[],"addons":[],"_links":{"self":[{"href":"https:\/\/www.reform.ee\/pood\/wp-json\/wp\/v2\/product\/11747","targetHints":{"allow":["GET"]}}],"collection":[{"href":"https:\/\/www.reform.ee\/pood\/wp-json\/wp\/v2\/product"}],"about":[{"href":"https:\/\/www.reform.ee\/pood\/wp-json\/wp\/v2\/types\/product"}],"wp:featuredmedia":[{"embeddable":true,"href":"https:\/\/www.reform.ee\/pood\/wp-json\/wp\/v2\/media\/11801"}],"wp:attachment":[{"href":"https:\/\/www.reform.ee\/pood\/wp-json\/wp\/v2\/media?parent=11747"}],"wp:term":[{"taxonomy":"product_brand","embeddable":true,"href":"https:\/\/www.reform.ee\/pood\/wp-json\/wp\/v2\/product_brand?post=11747"},{"taxonomy":"product_cat","embeddable":true,"href":"https:\/\/www.reform.ee\/pood\/wp-json\/wp\/v2\/product_cat?post=11747"},{"taxonomy":"product_tag","embeddable":true,"href":"https:\/\/www.reform.ee\/pood\/wp-json\/wp\/v2\/product_tag?post=11747"}],"curies":[{"name":"wp","href":"https:\/\/api.w.org\/{rel}","templated":true}]}}