{"id":11748,"date":"2021-11-28T03:23:26","date_gmt":"2021-11-28T00:23:26","guid":{"rendered":"https:\/\/www.reform.ee\/pood\/?post_type=product&#038;p=11748"},"modified":"2026-02-04T17:30:52","modified_gmt":"2026-02-04T14:30:52","slug":"pudelikott","status":"publish","type":"product","link":"https:\/\/www.reform.ee\/pood\/toode\/pudelikott\/","title":{"rendered":"Pudelikott"},"content":{"rendered":"","protected":false},"excerpt":{"rendered":"<p><strong>Vanast valimisplakatist valminud pudelikott. Ideaalne j\u00f5ulugl\u00f6gi v\u00f5i spordipudeli kinkimiseks!<\/strong><\/p>\n<ul>\n<li>m\u00f5\u00f5dud 32x9x9cm<\/li>\n<li>veekindel ja vetth\u00fclgav PVC materjal<\/li>\n<li>100% taaskasutatud pol\u00fcestrist tootesilt<\/li>\n<li>iga pudelikott on unikaalse kujundusega<\/li>\n<\/ul>\n","protected":false},"featured_media":11803,"template":"","meta":[],"product_brand":[],"product_cat":[87],"product_tag":[],"class_list":{"0":"post-11748","1":"product","2":"type-product","3":"status-publish","4":"has-post-thumbnail","6":"product_cat-valimisplakatiuuselu","8":"first","9":"instock","10":"shipping-taxable","11":"purchasable","12":"product-type-simple"},"exclude_global_add_ons":[],"addons":[],"_links":{"self":[{"href":"https:\/\/www.reform.ee\/pood\/wp-json\/wp\/v2\/product\/11748","targetHints":{"allow":["GET"]}}],"collection":[{"href":"https:\/\/www.reform.ee\/pood\/wp-json\/wp\/v2\/product"}],"about":[{"href":"https:\/\/www.reform.ee\/pood\/wp-json\/wp\/v2\/types\/product"}],"wp:featuredmedia":[{"embeddable":true,"href":"https:\/\/www.reform.ee\/pood\/wp-json\/wp\/v2\/media\/11803"}],"wp:attachment":[{"href":"https:\/\/www.reform.ee\/pood\/wp-json\/wp\/v2\/media?parent=11748"}],"wp:term":[{"taxonomy":"product_brand","embeddable":true,"href":"https:\/\/www.reform.ee\/pood\/wp-json\/wp\/v2\/product_brand?post=11748"},{"taxonomy":"product_cat","embeddable":true,"href":"https:\/\/www.reform.ee\/pood\/wp-json\/wp\/v2\/product_cat?post=11748"},{"taxonomy":"product_tag","embeddable":true,"href":"https:\/\/www.reform.ee\/pood\/wp-json\/wp\/v2\/product_tag?post=11748"}],"curies":[{"name":"wp","href":"https:\/\/api.w.org\/{rel}","templated":true}]}}