{"id":11813,"date":"2021-12-16T13:58:43","date_gmt":"2021-12-16T10:58:43","guid":{"rendered":"https:\/\/www.reform.ee\/pood\/?post_type=product&#038;p=11813"},"modified":"2023-11-10T15:17:10","modified_gmt":"2023-11-10T12:17:10","slug":"jarjehoidja","status":"publish","type":"product","link":"https:\/\/www.reform.ee\/pood\/toode\/jarjehoidja\/","title":{"rendered":"J\u00e4rjehoidja"},"content":{"rendered":"","protected":false},"excerpt":{"rendered":"<p><strong>Raamatus\u00f5prade seas hinnatud meene &#8211; vanast valimisplakatist valminud j\u00e4rjehoidja!<\/strong><\/p>\n<ul>\n<li>m\u00f5\u00f5dud 2x8cm<\/li>\n<li>materjaliks PVC<\/li>\n<li>100% taaskasutatud pol\u00fcestrist tootesilt<\/li>\n<li>iga j\u00e4rjehoidja on unikaalse kujundusega<\/li>\n<\/ul>\n","protected":false},"featured_media":11819,"template":"","meta":[],"product_brand":[],"product_cat":[87,27],"product_tag":[],"class_list":{"0":"post-11813","1":"product","2":"type-product","3":"status-publish","4":"has-post-thumbnail","6":"product_cat-valimisplakatiuuselu","7":"product_cat-meened","9":"first","10":"instock","11":"shipping-taxable","12":"purchasable","13":"product-type-simple"},"exclude_global_add_ons":[],"addons":[],"_links":{"self":[{"href":"https:\/\/www.reform.ee\/pood\/wp-json\/wp\/v2\/product\/11813","targetHints":{"allow":["GET"]}}],"collection":[{"href":"https:\/\/www.reform.ee\/pood\/wp-json\/wp\/v2\/product"}],"about":[{"href":"https:\/\/www.reform.ee\/pood\/wp-json\/wp\/v2\/types\/product"}],"wp:featuredmedia":[{"embeddable":true,"href":"https:\/\/www.reform.ee\/pood\/wp-json\/wp\/v2\/media\/11819"}],"wp:attachment":[{"href":"https:\/\/www.reform.ee\/pood\/wp-json\/wp\/v2\/media?parent=11813"}],"wp:term":[{"taxonomy":"product_brand","embeddable":true,"href":"https:\/\/www.reform.ee\/pood\/wp-json\/wp\/v2\/product_brand?post=11813"},{"taxonomy":"product_cat","embeddable":true,"href":"https:\/\/www.reform.ee\/pood\/wp-json\/wp\/v2\/product_cat?post=11813"},{"taxonomy":"product_tag","embeddable":true,"href":"https:\/\/www.reform.ee\/pood\/wp-json\/wp\/v2\/product_tag?post=11813"}],"curies":[{"name":"wp","href":"https:\/\/api.w.org\/{rel}","templated":true}]}}