{"id":12012,"date":"2022-05-31T14:07:09","date_gmt":"2022-05-31T11:07:09","guid":{"rendered":"https:\/\/www.reform.ee\/pood\/?post_type=product&#038;p=12012"},"modified":"2024-11-14T14:43:42","modified_gmt":"2024-11-14T11:43:42","slug":"12012","status":"publish","type":"product","link":"https:\/\/www.reform.ee\/pood\/toode\/12012\/","title":{"rendered":"V\u00f6\u00f6kott"},"content":{"rendered":"","protected":false},"excerpt":{"rendered":"<p><strong>Vanast valimisplakatist valminud v\u00f6\u00f6kott. Saab kanda risti \u00fcle rinna kui \u00fcmber v\u00f6\u00f6 ja mahutab k\u00f5ik vajaliku alates mobiiltelefonist l\u00f5petades rahakotiga!<\/strong><\/p>\n<ul>\n<li>m\u00f5\u00f5dud 25x10x3cm<\/li>\n<li>reguleeritav rihm<\/li>\n<li>veekindel ja vetth\u00fclgav PVC materjal<\/li>\n<li>100% taaskasutatud pol\u00fcestrist tootesilt<\/li>\n<li>iga v\u00f6\u00f6kott on unikaalse kujundusega<\/li>\n<\/ul>\n","protected":false},"featured_media":12009,"template":"","meta":[],"product_brand":[],"product_cat":[87,27],"product_tag":[117,118,116],"class_list":{"0":"post-12012","1":"product","2":"type-product","3":"status-publish","4":"has-post-thumbnail","6":"product_cat-valimisplakatiuuselu","7":"product_cat-meened","8":"product_tag-pvc","9":"product_tag-valimisplakati-uus-elu","10":"product_tag-vookott","12":"first","13":"instock","14":"shipping-taxable","15":"purchasable","16":"product-type-simple"},"exclude_global_add_ons":[],"addons":[],"_links":{"self":[{"href":"https:\/\/www.reform.ee\/pood\/wp-json\/wp\/v2\/product\/12012","targetHints":{"allow":["GET"]}}],"collection":[{"href":"https:\/\/www.reform.ee\/pood\/wp-json\/wp\/v2\/product"}],"about":[{"href":"https:\/\/www.reform.ee\/pood\/wp-json\/wp\/v2\/types\/product"}],"wp:featuredmedia":[{"embeddable":true,"href":"https:\/\/www.reform.ee\/pood\/wp-json\/wp\/v2\/media\/12009"}],"wp:attachment":[{"href":"https:\/\/www.reform.ee\/pood\/wp-json\/wp\/v2\/media?parent=12012"}],"wp:term":[{"taxonomy":"product_brand","embeddable":true,"href":"https:\/\/www.reform.ee\/pood\/wp-json\/wp\/v2\/product_brand?post=12012"},{"taxonomy":"product_cat","embeddable":true,"href":"https:\/\/www.reform.ee\/pood\/wp-json\/wp\/v2\/product_cat?post=12012"},{"taxonomy":"product_tag","embeddable":true,"href":"https:\/\/www.reform.ee\/pood\/wp-json\/wp\/v2\/product_tag?post=12012"}],"curies":[{"name":"wp","href":"https:\/\/api.w.org\/{rel}","templated":true}]}}