{"id":155,"date":"2019-06-04T18:48:00","date_gmt":"2019-06-04T15:48:00","guid":{"rendered":"https:\/\/www.reform.ee\/pood\/?post_type=product&#038;p=155"},"modified":"2025-12-13T20:50:01","modified_gmt":"2025-12-13T17:50:01","slug":"rinnamark-eeskujulikule-oravale","status":"publish","type":"product","link":"https:\/\/www.reform.ee\/pood\/toode\/rinnamark-eeskujulikule-oravale\/","title":{"rendered":"Rinnam\u00e4rk"},"content":{"rendered":"","protected":false},"excerpt":{"rendered":"<p><strong>Ideaalne detail, mis muudab iga piduliku kost\u00fc\u00fcmi s\u00e4ravaks! Hea viis n\u00e4itamaks maitsekalt oma liberaalset meelt ja stiilitunnetust!<\/strong><\/p>\n<ul>\n<li>metallist<\/li>\n<li>kuldne v\u00e4rv<\/li>\n<li>tugev kinnitus ja n\u00f5el<\/li>\n<li>pikkus 1cm<\/li>\n<\/ul>\n","protected":false},"featured_media":11711,"template":"","meta":[],"product_brand":[],"product_cat":[84,27],"product_tag":[],"class_list":{"0":"post-155","1":"product","2":"type-product","3":"status-publish","4":"has-post-thumbnail","6":"product_cat-ehted-ja-margid","7":"product_cat-meened","9":"first","10":"instock","11":"shipping-taxable","12":"purchasable","13":"product-type-simple"},"exclude_global_add_ons":[],"addons":[],"_links":{"self":[{"href":"https:\/\/www.reform.ee\/pood\/wp-json\/wp\/v2\/product\/155","targetHints":{"allow":["GET"]}}],"collection":[{"href":"https:\/\/www.reform.ee\/pood\/wp-json\/wp\/v2\/product"}],"about":[{"href":"https:\/\/www.reform.ee\/pood\/wp-json\/wp\/v2\/types\/product"}],"wp:featuredmedia":[{"embeddable":true,"href":"https:\/\/www.reform.ee\/pood\/wp-json\/wp\/v2\/media\/11711"}],"wp:attachment":[{"href":"https:\/\/www.reform.ee\/pood\/wp-json\/wp\/v2\/media?parent=155"}],"wp:term":[{"taxonomy":"product_brand","embeddable":true,"href":"https:\/\/www.reform.ee\/pood\/wp-json\/wp\/v2\/product_brand?post=155"},{"taxonomy":"product_cat","embeddable":true,"href":"https:\/\/www.reform.ee\/pood\/wp-json\/wp\/v2\/product_cat?post=155"},{"taxonomy":"product_tag","embeddable":true,"href":"https:\/\/www.reform.ee\/pood\/wp-json\/wp\/v2\/product_tag?post=155"}],"curies":[{"name":"wp","href":"https:\/\/api.w.org\/{rel}","templated":true}]}}